{"id":55,"date":"2022-10-05T12:24:44","date_gmt":"2022-10-05T12:24:44","guid":{"rendered":"https:\/\/www.abap.pt\/\/?page_id=55"},"modified":"2024-02-28T17:41:59","modified_gmt":"2024-02-28T17:41:59","slug":"inicio","status":"publish","type":"page","link":"https:\/\/www.abap.pt\/","title":{"rendered":"Associa\u00e7\u00e3o"},"content":{"rendered":"\n<div class=\"wp-block-columns is-layout-flex wp-container-core-columns-is-layout-9d6595d7 wp-block-columns-is-layout-flex\">\n<div class=\"wp-block-column is-layout-flow wp-block-column-is-layout-flow\" style=\"flex-basis:100%\">\n<div class=\"wp-block-columns is-layout-flex wp-container-core-columns-is-layout-9d6595d7 wp-block-columns-is-layout-flex\">\n<div class=\"wp-block-column is-layout-flow wp-block-column-is-layout-flow\" style=\"flex-basis:100%\">\n<div class=\"wp-block-cover alignfull\" style=\"min-height:884px;aspect-ratio:unset;\"><span aria-hidden=\"true\" class=\"wp-block-cover__background has-background-dim-20 has-background-dim\"><\/span><img decoding=\"async\" class=\"wp-block-cover__image-background\" alt=\"\" src=\"https:\/\/www.abap.pt\/\/wp-content\/uploads\/2022\/10\/DSC_0370.jpg\" data-object-fit=\"cover\"\/><div class=\"wp-block-cover__inner-container is-layout-flow wp-block-cover-is-layout-flow\">\n<p><\/p>\n\n\n\n<p><\/p>\n\n\n\n<div class=\"wp-block-columns is-layout-flex wp-container-core-columns-is-layout-9d6595d7 wp-block-columns-is-layout-flex\">\n<div class=\"wp-block-column is-layout-flow wp-block-column-is-layout-flow\">\n<div class=\"wp-block-columns is-layout-flex wp-container-core-columns-is-layout-9d6595d7 wp-block-columns-is-layout-flex\">\n<div class=\"wp-block-column is-layout-flow wp-block-column-is-layout-flow\"><\/div>\n\n\n\n<div class=\"wp-block-column is-layout-flow wp-block-column-is-layout-flow\"><\/div>\n<\/div>\n<\/div>\n<\/div>\n\n\n\n<div class=\"wp-block-columns is-layout-flex wp-container-core-columns-is-layout-9d6595d7 wp-block-columns-is-layout-flex\">\n<div class=\"wp-block-column is-layout-flow wp-block-column-is-layout-flow\" style=\"flex-basis:66.66%\"><\/div>\n\n\n\n<div class=\"wp-block-column is-layout-flow wp-block-column-is-layout-flow\" style=\"flex-basis:33.33%\"><\/div>\n<\/div>\n\n\n\n<p class=\"has-medium-font-size\"><\/p>\n<\/div><\/div>\n<\/div>\n<\/div>\n<\/div>\n<\/div>\n\n\n\n<div class=\"wp-block-columns is-layout-flex wp-container-core-columns-is-layout-9d6595d7 wp-block-columns-is-layout-flex\">\n<div class=\"wp-block-column is-layout-flow wp-block-column-is-layout-flow\"><\/div>\n\n\n\n<div class=\"wp-block-column is-vertically-aligned-top is-layout-flow wp-block-column-is-layout-flow\">\n<div class=\"wp-block-columns is-layout-flex wp-container-core-columns-is-layout-9d6595d7 wp-block-columns-is-layout-flex\">\n<div class=\"wp-block-column is-layout-flow wp-block-column-is-layout-flow\">\n<div class=\"wp-block-buttons is-content-justification-center is-layout-flex wp-container-core-buttons-is-layout-16018d1d wp-block-buttons-is-layout-flex\">\n<div class=\"wp-block-button has-custom-width wp-block-button__width-100 is-style-secondary\"><a class=\"wp-block-button__link wp-element-button\" href=\"https:\/\/www.abap.pt\/?page_id=331\" style=\"border-radius:5px\">Contactos<\/a><\/div>\n<\/div>\n<\/div>\n\n\n\n<div class=\"wp-block-column is-vertically-aligned-top is-layout-flow wp-block-column-is-layout-flow\">\n<div class=\"wp-block-buttons is-content-justification-center is-layout-flex wp-container-core-buttons-is-layout-16018d1d wp-block-buttons-is-layout-flex\">\n<div class=\"wp-block-button has-custom-width wp-block-button__width-100 is-style-primary\"><a class=\"wp-block-button__link wp-element-button\" href=\"https:\/\/www.abap.pt\/?page_id=442\" style=\"border-radius:5px\">Fale connosco<\/a><\/div>\n<\/div>\n<\/div>\n<\/div>\n<\/div>\n\n\n\n<div class=\"wp-block-column is-layout-flow wp-block-column-is-layout-flow\"><\/div>\n<\/div>\n\n\n\n<div class=\"wp-block-columns is-layout-flex wp-container-core-columns-is-layout-9d6595d7 wp-block-columns-is-layout-flex\">\n<div class=\"wp-block-column is-layout-flow wp-block-column-is-layout-flow\" style=\"flex-basis:1%\"><\/div>\n\n\n\n<div class=\"wp-block-column is-layout-flow wp-block-column-is-layout-flow\" style=\"flex-basis:90%\">\n<div class=\"wp-block-columns is-layout-flex wp-container-core-columns-is-layout-9d6595d7 wp-block-columns-is-layout-flex\">\n<div class=\"wp-block-column is-layout-flow wp-block-column-is-layout-flow\">\n<p id=\"inicio\"><strong>A ABAP \u2013 Associa\u00e7\u00e3o Beira Atl\u00e2ntico Parque \u00e9 uma associa\u00e7\u00e3o sem fins lucrativos<\/strong>, criada em 18 de fevereiro de 2000 por iniciativa da C\u00e2mara Municipal de Cantanhede, que reuniu um conjunto de parceiros em torno de um projeto destinado a promover a dinamiza\u00e7\u00e3o regional, atrair conhecimento e desenvolver projetos inovadores de valor acrescentado, com isso, alavancando os investimentos necess\u00e1rios \u00e0 implementa\u00e7\u00e3o do Parque Tecnol\u00f3gico de Cantanhede, hoje comummente conhecido por Biocant Park.<\/p>\n\n\n\n<p><strong>A Comiss\u00e3o Instaladora foi liderada pelo Presidente da C\u00e2mara \u00e0 \u00e9poca<\/strong>, Dr. Jorge Catarino, que foi tamb\u00e9m o primeiro presidente da associa\u00e7\u00e3o. A associa\u00e7\u00e3o construiu os primeiros edif\u00edcios do parque, que foram inaugurados em 2005 e 2006, designados por Biocant I e Edif\u00edcio Sede, respetivamente. Simultaneamente a ABAP esteve envolvida em projetos para a implementa\u00e7\u00e3o de modelos semelhantes noutros munic\u00edpios que eram associados da associa\u00e7\u00e3o, mas que acabaram por n\u00e3o vingar, por raz\u00f5es d\u00edspares. <\/p>\n\n\n\n<p><strong>Com o crescimento do parque<\/strong>, foram surgindo outras entidades na gest\u00e3o do seu ecossistema, nomeadamente a Biocant \u2013 Associa\u00e7\u00e3o de Transfer\u00eancia de Tecnologia, tamb\u00e9m pertencente ao grupo aut\u00e1rquico do Munic\u00edpio de Cantanhede e o CNC\/UC \u2013 Centro de Neuroci\u00eancias e Biologia Celular da Universidade de Coimbra<\/p>\n\n\n\n<div class=\"wp-block-columns is-layout-flex wp-container-core-columns-is-layout-9d6595d7 wp-block-columns-is-layout-flex\">\n<div class=\"wp-block-column has-nv-text-dark-bg-background-color has-background is-layout-flow wp-block-column-is-layout-flow\" style=\"flex-basis:50%\">\n<iframe width=\"90%\" src=\"https:\/\/www.youtube.com\/embed\/XABbKEyHleU\" title=\"YouTube video player\" frameborder=\"0\" allow=\"accelerometer; autoplay; clipboard-write; encrypted-media; gyroscope; picture-in-picture\" allowfullscreen=\"\"><\/iframe>\n<\/div>\n\n\n\n<div class=\"wp-block-column is-layout-flow wp-block-column-is-layout-flow\" style=\"flex-basis:70%\">\n<p> <strong>Em parceria com a associa\u00e7\u00e3o Biocant<\/strong>, \u00e0 qual a ABAP cedeu direitos de superf\u00edcie, foram constru\u00eddos mais dois edif\u00edcios, inaugurados em 2010 e 2017, designados por Biocant II (ou Biocant PME\u00b4s) e por Biocant III, respetivamente. Pelo meio, em 2013, foi inaugurado o edif\u00edcio UC-Biotech que permitiu consubstanciar em Cantanhede o polo de capacita\u00e7\u00e3o em biotecnologia do CNC.<\/p>\n<\/div>\n<\/div>\n<\/div>\n\n\n\n<div class=\"wp-block-column is-layout-flow wp-block-column-is-layout-flow\" style=\"flex-basis:3%\"><\/div>\n\n\n\n<div class=\"wp-block-column is-layout-flow wp-block-column-is-layout-flow\">\n<p><strong>Em 2018<\/strong>, depois de um per\u00edodo de forte investimento por parte do munic\u00edpio, foi poss\u00edvel encontrar um parceiro privado com m\u00fasculo financeiro e com capacidade para substituir as associa\u00e7\u00f5es na gest\u00e3o di\u00e1ria do parque e, para tal, foi efetuado um Contrato de Cess\u00e3o de Explora\u00e7\u00e3o. Ao longo do tempo, com o progressivo aumento do n\u00famero e da dimens\u00e3o das empresas instaladas, tornou-se evidente o papel fundamental do parque no setor biotecnol\u00f3gico, bem como o contributo da ABAP para esse sucesso.<\/p>\n\n\n\n<p><strong>Fruto da referida Cess\u00e3o de Explora\u00e7\u00e3o<\/strong>, a ABAP passou naturalmente por uma fase de diminui\u00e7\u00e3o da sua atividade, tendo ganho uma nova miss\u00e3o como entidade fiscalizadora dos objetivos da Cess\u00e3o e mantendo-se focada na co-promo\u00e7\u00e3o e dinamiza\u00e7\u00e3o do parque. Em 2022, a ABAP entrou numa fase de redefini\u00e7\u00e3o da sua atividade, que passa por fortalecer elos de liga\u00e7\u00e3o entre o parque e a comunidade, seja atrav\u00e9s do desenvolvimento de iniciativas concretas, de a\u00e7\u00f5es de planeamento integrado ou da elabora\u00e7\u00e3o de documentos estrat\u00e9gicos.<\/p>\n\n\n\n<p><strong>Presidentes da ABAP:<\/strong><br>Dr. Jorge Manuel Catarino dos Santos (2000-2005)<br>Dr. Jo\u00e3o Carlos Vidaurre Pais de Moura (2005-2020)<br>Dr. Pedro Ant\u00f3nio Vaz Cardoso (2020- )<\/p>\n<\/div>\n<\/div>\n<\/div>\n\n\n\n<div class=\"wp-block-column is-layout-flow wp-block-column-is-layout-flow\" style=\"flex-basis:1%\"><\/div>\n<\/div>\n\n\n\n<div style=\"height:100px\" aria-hidden=\"true\" class=\"wp-block-spacer\"><\/div>\n\n\n\n<p><\/p>\n\n\n\n<p><\/p>\n\n\n\n<p><\/p>\n","protected":false},"excerpt":{"rendered":"<p>A ABAP \u2013 Associa\u00e7\u00e3o Beira Atl\u00e2ntico Parque \u00e9 uma associa\u00e7\u00e3o sem fins lucrativos, criada em 18 de fevereiro de 2000 por iniciativa da C\u00e2mara Municipal de Cantanhede, que reuniu um conjunto de parceiros em torno de um projeto destinado a promover a dinamiza\u00e7\u00e3o regional, atrair conhecimento e desenvolver projetos inovadores de valor acrescentado, com isso,&hellip;&nbsp;<a href=\"https:\/\/www.abap.pt\/\" class=\"\" rel=\"bookmark\">Ler mais &raquo;<span class=\"screen-reader-text\">Associa\u00e7\u00e3o<\/span><\/a><\/p>\n","protected":false},"author":1,"featured_media":0,"parent":0,"menu_order":0,"comment_status":"closed","ping_status":"closed","template":"","meta":{"neve_meta_sidebar":"full-width","neve_meta_container":"default","neve_meta_enable_content_width":"off","neve_meta_content_width":70,"neve_meta_title_alignment":"","neve_meta_author_avatar":"","neve_post_elements_order":"","neve_meta_disable_header":"","neve_meta_disable_footer":"","neve_meta_disable_title":"","footnotes":""},"class_list":["post-55","page","type-page","status-publish","hentry"],"_links":{"self":[{"href":"https:\/\/www.abap.pt\/index.php?rest_route=\/wp\/v2\/pages\/55","targetHints":{"allow":["GET"]}}],"collection":[{"href":"https:\/\/www.abap.pt\/index.php?rest_route=\/wp\/v2\/pages"}],"about":[{"href":"https:\/\/www.abap.pt\/index.php?rest_route=\/wp\/v2\/types\/page"}],"author":[{"embeddable":true,"href":"https:\/\/www.abap.pt\/index.php?rest_route=\/wp\/v2\/users\/1"}],"replies":[{"embeddable":true,"href":"https:\/\/www.abap.pt\/index.php?rest_route=%2Fwp%2Fv2%2Fcomments&post=55"}],"version-history":[{"count":154,"href":"https:\/\/www.abap.pt\/index.php?rest_route=\/wp\/v2\/pages\/55\/revisions"}],"predecessor-version":[{"id":995,"href":"https:\/\/www.abap.pt\/index.php?rest_route=\/wp\/v2\/pages\/55\/revisions\/995"}],"wp:attachment":[{"href":"https:\/\/www.abap.pt\/index.php?rest_route=%2Fwp%2Fv2%2Fmedia&parent=55"}],"curies":[{"name":"wp","href":"https:\/\/api.w.org\/{rel}","templated":true}]}}